{"id":12925,"date":"2024-12-17T21:48:42","date_gmt":"2024-12-18T02:48:42","guid":{"rendered":"https:\/\/bikiniproglutes.com\/?post_type=product&#038;p=12925"},"modified":"2025-01-28T23:48:50","modified_gmt":"2025-01-29T04:48:50","slug":"construindo-definitivamente-os-gluteos-de-uma-atleta-de-bikini-um-guia-abrangente","status":"publish","type":"product","link":"https:\/\/bikiniproglutes.com\/pt-br\/produto\/construindo-definitivamente-os-gluteos-de-uma-atleta-de-bikini-um-guia-abrangente\/","title":{"rendered":"Construindo Definitivamente Os Gl\u00fateos De Uma Atleta De Bikini: Um Guia Abrangente"},"content":{"rendered":"<p>Por James Ayotte<\/p>\n<p>Libere todo o potencial dos seus gl\u00fateos com \u201cCONSTRUINDO DEFINITIVAMENTE OS GL\u00daTEOS DE UMA ATLETA DE BIKINI: UM GUIA ABRANGENTE\u201d escrito pelo renomado treinador de Bikini Olympia James Ayotte. Este guia definitivo \u00e9 meticulosamente elaborado para ajud\u00e1-lo a desenvolver os gl\u00fateos perfeitamente esculpidos com que toda atleta de bikini sonha.<\/p>\n<p>Mergulhe no mundo do treinamento de gl\u00fateos com 87 p\u00e1ginas de conhecimento profundo e orienta\u00e7\u00e3o pr\u00e1tica, distribu\u00eddas em tr\u00eas cap\u00edtulos informativos.<\/p>\n","protected":false},"excerpt":{"rendered":"<p>Por James Ayotte Libere todo o potencial dos seus gl\u00fateos com \u201cCONSTRUINDO DEFINITIVAMENTE OS GL\u00daTEOS DE UMA ATLETA DE BIKINI: UM GUIA ABRANGENTE\u201d escrito pelo renomado treinador de Bikini Olympia James Ayotte. Este guia definitivo \u00e9 meticulosamente elaborado para ajud\u00e1-lo a desenvolver os gl\u00fateos perfeitamente esculpidos com que toda atleta de bikini sonha. Mergulhe no [&hellip;]<\/p>\n","protected":false},"featured_media":12926,"comment_status":"open","ping_status":"closed","template":"","meta":[],"product_brand":[],"product_cat":[106],"product_tag":[],"class_list":{"0":"post-12925","1":"product","2":"type-product","3":"status-publish","4":"has-post-thumbnail","6":"product_cat-ebooks-pt-br","7":"mk-info-sticky","9":"first","10":"instock","11":"downloadable","12":"virtual","13":"sold-individually","14":"taxable","15":"purchasable","16":"product-type-simple"},"_links":{"self":[{"href":"https:\/\/bikiniproglutes.com\/pt-br\/wp-json\/wp\/v2\/product\/12925","targetHints":{"allow":["GET"]}}],"collection":[{"href":"https:\/\/bikiniproglutes.com\/pt-br\/wp-json\/wp\/v2\/product"}],"about":[{"href":"https:\/\/bikiniproglutes.com\/pt-br\/wp-json\/wp\/v2\/types\/product"}],"replies":[{"embeddable":true,"href":"https:\/\/bikiniproglutes.com\/pt-br\/wp-json\/wp\/v2\/comments?post=12925"}],"wp:featuredmedia":[{"embeddable":true,"href":"https:\/\/bikiniproglutes.com\/pt-br\/wp-json\/wp\/v2\/media\/12926"}],"wp:attachment":[{"href":"https:\/\/bikiniproglutes.com\/pt-br\/wp-json\/wp\/v2\/media?parent=12925"}],"wp:term":[{"taxonomy":"product_brand","embeddable":true,"href":"https:\/\/bikiniproglutes.com\/pt-br\/wp-json\/wp\/v2\/product_brand?post=12925"},{"taxonomy":"product_cat","embeddable":true,"href":"https:\/\/bikiniproglutes.com\/pt-br\/wp-json\/wp\/v2\/product_cat?post=12925"},{"taxonomy":"product_tag","embeddable":true,"href":"https:\/\/bikiniproglutes.com\/pt-br\/wp-json\/wp\/v2\/product_tag?post=12925"}],"curies":[{"name":"wp","href":"https:\/\/api.w.org\/{rel}","templated":true}]}}